{"id":2224,"date":"2026-01-28T22:01:07","date_gmt":"2026-01-28T22:01:07","guid":{"rendered":"https:\/\/www.ecstaticbusiness.com\/partner\/"},"modified":"2026-03-31T13:03:55","modified_gmt":"2026-03-31T13:03:55","slug":"partner","status":"publish","type":"page","link":"https:\/\/www.ecstaticbusiness.com\/en\/partner\/","title":{"rendered":"Partner"},"content":{"rendered":"<p>[et_pb_section fb_built=&#8221;1&#8243; disabled_on=&#8221;on|off|off&#8221; _builder_version=&#8221;4.27.4&#8243; _module_preset=&#8221;default&#8221; custom_margin=&#8221;0px||0px||false|false&#8221; custom_padding=&#8221;0px||0px||false|false&#8221; global_colors_info=&#8221;{}&#8221;][et_pb_row disabled_on=&#8221;on|off|off&#8221; _builder_version=&#8221;4.27.4&#8243; _module_preset=&#8221;default&#8221; custom_margin=&#8221;0px||0px||false|false&#8221; custom_padding=&#8221;0px||0px||false|false&#8221; global_colors_info=&#8221;{}&#8221;][et_pb_column type=&#8221;4_4&#8243; _builder_version=&#8221;4.27.4&#8243; _module_preset=&#8221;default&#8221; global_colors_info=&#8221;{}&#8221;][revslider_divi revslider_divi=&#8221;%91rev_slider alias=%22moi-11%22 slidertitle=%22partner%22%93%91\/rev_slider%93&#8243; _builder_version=&#8221;4.27.4&#8243; _module_preset=&#8221;default&#8221; global_colors_info=&#8221;{}&#8221;][\/revslider_divi][\/et_pb_column][\/et_pb_row][\/et_pb_section][et_pb_section fb_built=&#8221;1&#8243; disabled_on=&#8221;off|on|on&#8221; _builder_version=&#8221;4.27.4&#8243; _module_preset=&#8221;default&#8221; custom_margin=&#8221;0px||0px||false|false&#8221; custom_padding=&#8221;0px||0px||false|false&#8221; global_colors_info=&#8221;{}&#8221;][et_pb_row _builder_version=&#8221;4.27.4&#8243; _module_preset=&#8221;default&#8221; global_colors_info=&#8221;{}&#8221;][et_pb_column type=&#8221;4_4&#8243; _builder_version=&#8221;4.27.4&#8243; _module_preset=&#8221;default&#8221; global_colors_info=&#8221;{}&#8221;][et_pb_text disabled_on=&#8221;off|off|off&#8221; _builder_version=&#8221;4.27.4&#8243; _module_preset=&#8221;default&#8221; global_colors_info=&#8221;{}&#8221;]<\/p>\n<p>Our Partners: Expertise at Eye Level<\/p>\n<h1>The Win\u00b3 Network: Working Together for Your Sustainable Success<\/h1>\n<p>&nbsp;<\/p>\n<p><span style=\"font-size: large;\">Success is a team sport. For the Win\u00b3 programme, I have built a network of partners who share my vision: not merely to advise companies and individuals at a superficial level, but to strengthen them sustainably at their core. <\/span><\/p>\n<p>[\/et_pb_text][et_pb_button button_url=&#8221;\/contakt&#8221; button_text=&#8221;Get in touch now&#8221; _builder_version=&#8221;4.27.4&#8243; _module_preset=&#8221;default&#8221; custom_button=&#8221;on&#8221; button_text_color=&#8221;#FFFFFF&#8221; button_bg_color=&#8221;#0C71C3&#8243; button_border_width=&#8221;1px&#8221; button_border_radius=&#8221;10px&#8221; global_colors_info=&#8221;{}&#8221;][\/et_pb_button][\/et_pb_column][\/et_pb_row][\/et_pb_section][et_pb_section fb_built=&#8221;1&#8243; _builder_version=&#8221;4.27.4&#8243; _module_preset=&#8221;default&#8221; use_background_color_gradient=&#8221;on&#8221; background_color_gradient_stops=&#8221;#f7f7f7 0%|rgba(255,255,255,0) 100%&#8221; custom_margin=&#8221;2em||2em||false|false&#8221; custom_padding=&#8221;0px|0px|0px|0px|false|false&#8221; global_colors_info=&#8221;{}&#8221;][et_pb_row _builder_version=&#8221;4.27.4&#8243; _module_preset=&#8221;default&#8221; custom_margin=&#8221;||0em||false|false&#8221; global_colors_info=&#8221;{}&#8221;][et_pb_column type=&#8221;4_4&#8243; _builder_version=&#8221;4.27.4&#8243; _module_preset=&#8221;default&#8221; global_colors_info=&#8221;{}&#8221;][et_pb_text _builder_version=&#8221;4.27.4&#8243; _module_preset=&#8221;default&#8221; custom_margin=&#8221;0px||0px||false|false&#8221; custom_padding=&#8221;0px||0px||false|false&#8221; global_colors_info=&#8221;{}&#8221;]<\/p>\n<div class=\"x_elementToProof\" data-olk-copy-source=\"MessageBody\"><span style=\"font-size: large;\">We know that genuine growth comes from within.<br \/>Our partners act as catalysts and professional companions along the way.<\/span><\/div>\n<p>[\/et_pb_text][et_pb_text _builder_version=&#8221;4.27.4&#8243; _module_preset=&#8221;default&#8221; custom_margin=&#8221;2em||2em||false|false&#8221; custom_padding=&#8221;0px||0px||false|false&#8221; global_colors_info=&#8221;{}&#8221;]<\/p>\n<h2 style=\"text-align: left;\"><span style=\"color: #808080; font-size: xx-large;\">What Sets Our Partners Apart<\/span><span style=\"font-size: 14px; color: #666666;\"> <\/span><\/h2>\n<p>[\/et_pb_text][et_pb_text _builder_version=&#8221;4.27.4&#8243; _module_preset=&#8221;default&#8221; custom_margin=&#8221;0px||0px||false|false&#8221; custom_padding=&#8221;0px||0px||false|false&#8221; global_colors_info=&#8221;{}&#8221;]<\/p>\n<div class=\"x_elementToProof\" data-olk-copy-source=\"MessageBody\"><span style=\"font-size: large;\">Quality within our network is no coincidence.<br \/>Every Win\u00b3 partner fulfils three essential pillars:<\/span><\/div>\n<p>[\/et_pb_text][\/et_pb_column][\/et_pb_row][et_pb_row column_structure=&#8221;1_2,1_2&#8243; _builder_version=&#8221;4.27.4&#8243; _module_preset=&#8221;default&#8221; custom_padding=&#8221;0px|0px|0px|0px|false|false&#8221; global_colors_info=&#8221;{}&#8221;][et_pb_column type=&#8221;1_2&#8243; _builder_version=&#8221;4.27.4&#8243; _module_preset=&#8221;default&#8221; background_color=&#8221;#f7f7f7&#8243; global_colors_info=&#8221;{}&#8221;][et_pb_image src=&#8221;https:\/\/www.ecstaticbusiness.com\/wp-content\/uploads\/2026\/02\/partner-1.jpg&#8221; alt=&#8221;ecstaticbusiness-&#8221; title_text=&#8221;ecstaticbusiness-partner&#8221; _builder_version=&#8221;4.27.4&#8243; _module_preset=&#8221;default&#8221; border_radii=&#8221;on|9px|9px|9px|9px&#8221; global_colors_info=&#8221;{}&#8221;][\/et_pb_image][\/et_pb_column][et_pb_column type=&#8221;1_2&#8243; _builder_version=&#8221;4.27.4&#8243; _module_preset=&#8221;default&#8221; global_colors_info=&#8221;{}&#8221;][et_pb_text _builder_version=&#8221;4.27.4&#8243; _module_preset=&#8221;default&#8221; custom_padding=&#8221;2em|2em|2em|2em|false|false&#8221; border_radii=&#8221;on|9px|9px|9px|9px&#8221; border_width_all=&#8221;1px&#8221; border_color_all=&#8221;#c7c7c7&#8243; global_colors_info=&#8221;{}&#8221;]<\/p>\n<div class=\"x_elementToProof\" role=\"presentation\">\n<p><span style=\"font-size: large;\"><b data-olk-copy-source=\"MessageBody\">1. Proven leadership experience in practice: <\/b>We are not theorists. Every partner has many years of experience in the reality of business and understands the challenges of management and leadership first-hand. <\/p>\n<p><\/span><\/p>\n<\/div>\n<div class=\"x_elementToProof\" role=\"presentation\">\n<p><span style=\"font-size: large;\"><b>2. Professional coaching expertise: <\/b>A sound, certified coaching qualification forms the basis of our methodological support.<\/p>\n<p><\/span><\/p>\n<\/div>\n<div class=\"x_elementToProof\" role=\"presentation\"><span style=\"font-size: large;\"><b>3. A resource-oriented mindset: <\/b>We firmly believe that our clients already possess all the potential they need within themselves. Our role is to make these strengths visible and help them flourish. <\/span><\/div>\n<p>[\/et_pb_text][\/et_pb_column][\/et_pb_row][\/et_pb_section][et_pb_section fb_built=&#8221;1&#8243; disabled_on=&#8221;off|off|off&#8221; _builder_version=&#8221;4.27.4&#8243; _module_preset=&#8221;default&#8221; use_background_color_gradient=&#8221;on&#8221; background_color_gradient_stops=&#8221;#f7f7f7 0%|rgba(255,255,255,0) 99%&#8221; global_colors_info=&#8221;{}&#8221;][et_pb_row column_structure=&#8221;1_4,1_4,1_4,1_4&#8243; _builder_version=&#8221;4.27.4&#8243; _module_preset=&#8221;default&#8221; global_colors_info=&#8221;{}&#8221;][et_pb_column type=&#8221;1_4&#8243; _builder_version=&#8221;4.27.4&#8243; _module_preset=&#8221;default&#8221; global_colors_info=&#8221;{}&#8221;][et_pb_team_member name=&#8221;Martin Fichter&#8221; position=&#8221;Focused leadership with clarity and impact&#8221; image_url=&#8221;https:\/\/www.ecstaticbusiness.com\/wp-content\/uploads\/2026\/03\/ecstaticbusiness-partner-martin-fichter.png&#8221; _builder_version=&#8221;4.27.4&#8243; _module_preset=&#8221;default&#8221; border_radii_image=&#8221;on|10px|10px|10px|10px&#8221; global_colors_info=&#8221;{}&#8221;]<\/p>\n<p><span><\/span><\/p>\n<p><span>E-Mail: <a href=\"mailto:martin@fichter.com\">martin@fichter.com<\/a><\/span><br \/><span>Tel: +4915161874774<\/span><br \/><span><a href=\"https:\/\/www.linkedin.com\/in\/martin-fichter-056881\/\" rel=\"nofollow noopener\" target=\"_blank\">LinkedIn<\/a><\/span><\/p>\n<p><span>As a C-level executive, I have scaled organizations and developed talent across startups, scaleups, and corporate structures, with experience in executive management and supervisory boards, including at tonies and EGYM. International roles in the United States and China have shaped my global perspective. Today, I consciously pass on this experience as a systemically trained coach and mentor for leaders who want to grow, take responsibility, and develop their own leadership style with strength and authenticity.  <\/span><\/p>\n<p>&nbsp;<\/p>\n<p>[\/et_pb_team_member][\/et_pb_column][et_pb_column type=&#8221;1_4&#8243; _builder_version=&#8221;4.27.4&#8243; _module_preset=&#8221;default&#8221; global_colors_info=&#8221;{}&#8221;][et_pb_team_member name=&#8221;Lena Schwarz&#8221; position=&#8221;Guidance with clarity and sensitivity&#8221; image_url=&#8221;https:\/\/www.ecstaticbusiness.com\/wp-content\/uploads\/2026\/03\/ecstaticbusiness-partner-lena-schwarz.jpg&#8221; _builder_version=&#8221;4.27.4&#8243; _module_preset=&#8221;default&#8221; border_radii_image=&#8221;on|10px|10px|10px|10px&#8221; global_colors_info=&#8221;{}&#8221;]<\/p>\n<p><span><\/span><\/p>\n<p><span>E-Mail: <a href=\"mailto:coachingmitlena@gmail.com\">coachingmitlena@gmail.com<\/a><\/span><br \/><span>Tel: +436642418754<\/span><br \/><span><a href=\"https:\/\/www.linkedin.com\/in\/lena-schwarz-a53415206\" rel=\"nofollow noopener\" target=\"_blank\">LinkedIn<\/a><\/span><\/p>\n<p><span>As a mental trainer and psychosocial counselor, I support people through phases of change, reorientation, and personal development. My professional roots lie in sales and the healthcare sector\u2014shaped by holistic thinking, a strategic perspective, and a keen sensitivity to interpersonal dynamics. <\/span><\/p>\n<p><span>What characterizes my work is the combination of clarity and sensitivity. I work with a methodically grounded and solution-oriented approach, with a clear focus on self-regulation and personal responsibility. The goal is not to analyze problems, but to regain the ability to act and to build stability from within.  <\/span><\/p>\n<p><span> <\/span><\/p>\n<p>[\/et_pb_team_member][\/et_pb_column][et_pb_column type=&#8221;1_4&#8243; _builder_version=&#8221;4.27.4&#8243; _module_preset=&#8221;default&#8221; global_colors_info=&#8221;{}&#8221;][et_pb_team_member name=&#8221;Vanessa Torres&#8221; position=&#8221;Effective transformation through a focus on what truly matters&#8221; image_url=&#8221;https:\/\/www.ecstaticbusiness.com\/wp-content\/uploads\/2026\/03\/ecstaticbusiness-partner-vanessa-torres.png&#8221; _builder_version=&#8221;4.27.4&#8243; _module_preset=&#8221;default&#8221; border_radii_image=&#8221;on|10px|10px|10px|10px&#8221; global_colors_info=&#8221;{}&#8221;]<\/p>\n<p><span><\/span><\/p>\n<p><span><a href=\"mailto:vanessa.torres@ecstaticbusiness.com\">vanessa.torres@ecstaticbusiness.com<\/a><\/span><br \/><span>Tel: <\/span><br \/><span><a href=\"https:\/\/www.linkedin.com\/in\/vanesatm\/\" rel=\"nofollow noopener\" target=\"_blank\">LinkedIn <\/a><\/span> <\/p>\n<p>As an experienced leader in transformation, I have worked with global, cross-industry organizations to shape strategies and realign operating models in fast-moving and uncertain environments. I collaborate closely with executives, supporting not only their own transformation journeys but also those of their teams and the organization as a whole. Over time, I have learned that meaningful change emerges from simplifying what truly matters, questioning long-held assumptions, and having the courage to consciously break with the status quo.  <\/p>\n<p>[\/et_pb_team_member][\/et_pb_column][et_pb_column type=&#8221;1_4&#8243; _builder_version=&#8221;4.27.4&#8243; _module_preset=&#8221;default&#8221; global_colors_info=&#8221;{}&#8221;][et_pb_team_member name=&#8221;Hannah-Maria Wagner&#8221; position=&#8221;Recognizing strength, leading with clarity, and growing together. \ud83d\udca1&#8221; image_url=&#8221;https:\/\/www.ecstaticbusiness.com\/wp-content\/uploads\/2026\/03\/ecstaticbusiness-partner-hannah-maria-wagner.png&#8221; _builder_version=&#8221;4.27.4&#8243; _module_preset=&#8221;default&#8221; border_radii_image=&#8221;on|10px|10px|10px|10px&#8221; global_colors_info=&#8221;{}&#8221;]<\/p>\n<p><span><\/span><\/p>\n<p><span><a href=\"mailto:office@hannahmariawagner.com\">office@hannahmariawagner.com<\/a><\/span><br \/><span>Tel: +43 677 64061042<\/span><br \/><span><a href=\"https:\/\/www.linkedin.com\/in\/hannahmariawagner\/\" rel=\"nofollow noopener\" target=\"_blank\">LinkedIn<\/a><\/span><\/p>\n<p><span>As a former sales leader, I know performance pressure, target accountability, and economic realities from firsthand experience. Today, I support leaders and organizations in gaining clarity in their roles and leading teams effectively. <\/span><\/p>\n<p><span>With systemic coaching, NLP, mental training, and expertise in communication and body language, I combine personal development with entrepreneurial thinking.<\/span><\/p>\n<p><span>I work on personal strength, team collaboration, and employee development so that \u201csuperpowers\u201d become visible and sustainable results emerge.<\/span><\/p>\n<p>[\/et_pb_team_member][\/et_pb_column][\/et_pb_row][\/et_pb_section][et_pb_section fb_built=&#8221;1&#8243; disabled_on=&#8221;on|off|off&#8221; _builder_version=&#8221;4.27.4&#8243; _module_preset=&#8221;default&#8221; global_colors_info=&#8221;{}&#8221;][et_pb_row _builder_version=&#8221;4.27.4&#8243; _module_preset=&#8221;default&#8221; global_colors_info=&#8221;{}&#8221;][et_pb_column type=&#8221;4_4&#8243; _builder_version=&#8221;4.27.4&#8243; _module_preset=&#8221;default&#8221; global_colors_info=&#8221;{}&#8221;][revslider_divi revslider_divi=&#8221;%91rev_slider alias=%22partner-1%22 slidertitle=%22partner 1%22%93%91\/rev_slider%93&#8243; _builder_version=&#8221;4.27.4&#8243; _module_preset=&#8221;default&#8221; global_colors_info=&#8221;{}&#8221;][\/revslider_divi][\/et_pb_column][\/et_pb_row][\/et_pb_section][et_pb_section fb_built=&#8221;1&#8243; disabled_on=&#8221;off|on|on&#8221; _builder_version=&#8221;4.27.4&#8243; _module_preset=&#8221;default&#8221; use_background_color_gradient=&#8221;on&#8221; background_color_gradient_stops=&#8221;#f7f7f7 0%|rgba(255,255,255,0) 100%&#8221; global_colors_info=&#8221;{}&#8221;][et_pb_row _builder_version=&#8221;4.27.4&#8243; _module_preset=&#8221;default&#8221; global_colors_info=&#8221;{}&#8221;][et_pb_column type=&#8221;4_4&#8243; _builder_version=&#8221;4.27.4&#8243; _module_preset=&#8221;default&#8221; global_colors_info=&#8221;{}&#8221;][et_pb_text _builder_version=&#8221;4.27.4&#8243; _module_preset=&#8221;default&#8221; custom_margin=&#8221;0px||0px||false|false&#8221; global_colors_info=&#8221;{}&#8221;]<\/p>\n<p><span style=\"font-size: medium;\">Interesse an einer Partnerschaft?<\/span><\/p>\n<p>[\/et_pb_text][et_pb_text _builder_version=&#8221;4.27.4&#8243; _module_preset=&#8221;default&#8221; custom_margin=&#8221;0px||1em||false|false&#8221; global_colors_info=&#8221;{}&#8221;]<\/p>\n<h2><span style=\"font-size: xx-large;\">Become Part of Our Network<\/span><\/h2>\n<p>[\/et_pb_text][et_pb_text _builder_version=&#8221;4.27.4&#8243; _module_preset=&#8221;default&#8221; custom_margin=&#8221;0px||0px||false|false&#8221; custom_padding=&#8221;0px||0px||false|false&#8221; global_colors_info=&#8221;{}&#8221;]<\/p>\n<p><span style=\"font-size: large;\">What we do is needed more than we can deliver; therefore we are constantly looking for further partners. Are you a coach with a management background who sees yourself reflected in our philosophy? <br \/>We are continuously looking for partners who share our values and want to help shape the success of our clients throughout the entire German-speaking region (Austria, Germany and Switzerland).<\/span><\/p>\n<p>[\/et_pb_text][\/et_pb_column][\/et_pb_row][et_pb_row _builder_version=&#8221;4.27.4&#8243; _module_preset=&#8221;default&#8221; global_colors_info=&#8221;{}&#8221;][et_pb_column type=&#8221;4_4&#8243; _builder_version=&#8221;4.27.4&#8243; _module_preset=&#8221;default&#8221; global_colors_info=&#8221;{}&#8221;][et_pb_button button_url=&#8221;\/contakt&#8221; button_text=&#8221;Get in touch now&#8221; _builder_version=&#8221;4.27.4&#8243; _module_preset=&#8221;default&#8221; custom_button=&#8221;on&#8221; button_text_color=&#8221;#FFFFFF&#8221; button_bg_color=&#8221;#0C71C3&#8243; button_border_width=&#8221;1px&#8221; button_border_radius=&#8221;10px&#8221; global_colors_info=&#8221;{}&#8221;][\/et_pb_button][\/et_pb_column][\/et_pb_row][\/et_pb_section]<\/p>\n","protected":false},"excerpt":{"rendered":"<p><div class=\"et_pb_module revslider_divi revslider_divi_0\">\n\t\t\t\t\n\t\t\t\t\n\t\t\t\t\n\t\t\t\t\n\t\t\t\t\n\t\t\t\t\n\t\t\t\t<div class=\"et_pb_module_inner\">\n\t\t\t\t\t\n\t\t\t\t<p class=\"rs-p-wp-fix\"><\/p>\n\t\t\t\t<sr7-module data-alias=\"moi-11\" data-id=\"14\" id=\"SR7_14_1\" class=\"rs-ov-hidden\" data-version=\"6.7.40\">\n\t\t\t\t\t<sr7-adjuster><\/sr7-adjuster>\n\t\t\t\t\t<sr7-content>\n\t\t\t\t\t\t<sr7-slide id=\"SR7_14_1-47\" data-key=\"47\">\n\t\t\t\t\t\t\t<sr7-bg id=\"SR7_14_1-47-8\" class=\"sr7-layer\"><noscript><img decoding=\"async\" src=\"https:\/\/www.ecstaticbusiness.com\/wp-content\/uploads\/2026\/02\/partner-hero-scaled.jpeg\" alt=\"Mehrere H\u00e4nde \u00fcbereinander als Symbol f\u00fcr Teamarbeit, Vertrauen und gemeinsame Ausrichtung im Win\u00b3 Coaching-Kontext.\" title=\"Ecstati Business &#8211; Win\u00b3 Together\"><\/noscript><\/sr7-bg>\n\t\t\t\t\t\t\t<sr7-txt id=\"SR7_14_1-47-0\" class=\"sr7-layer\">Success is a team sport. For the Win\u00b3 programme, I have built a network of partners who share my vision: not merely to advise companies and individuals at a superficial level, but to strengthen them sustainably at their core.<\/sr7-txt>\n\t\t\t\t\t\t\t<h1 id=\"SR7_14_1-47-2\" class=\"sr7-layer\">The Win\u00b3 Network<br \/>\nWorking Together for Your<br \/>\nSustainable Success<\/h1>\n\t\t\t\t\t\t\t<sr7-txt id=\"SR7_14_1-47-3\" class=\"sr7-layer\">Our Partners: Expertise at Eye Level<\/sr7-txt>\n\t\t\t\t\t\t\t<a id=\"SR7_14_1-47-6\" class=\"sr7-layer\" href=\"\/en\/contact\/\" target=\"_self\">Schedule an appointment<\/a>\n\t\t\t\t\t\t<\/sr7-slide>\n\t\t\t\t\t\t<sr7-slide id=\"SR7_14_1-30\" data-key=\"30\">\n\t\t\t\t\t\t<\/sr7-slide>\n\t\t\t\t\t<\/sr7-content>\n\t\t\t\t\t<image_lists style=\"display:none\">\n\t\t\t\t\t\t<img data-src=\"\/\/www.ecstaticbusiness.com\/wp-content\/uploads\/2026\/02\/partner-hero-scaled.jpeg\" data-libid=\"1977\" data-lib=\"medialibrary\" alt=\"Mehrere H\u00e4nde \u00fcbereinander als Symbol f\u00fcr Teamarbeit, Vertrauen und gemeinsame Ausrichtung im Win\u00b3 Coaching-Kontext.\" title=\"Ecstati Business &#8211; Win\u00b3 Together\" width=\"0\" height=\"0\" data-dbsrc=\"Ly93d3cuZWNzdGF0aWNidXNpbmVzcy5jb20vd3AtY29udGVudC91cGxvYWRzLzIwMjYvMDIvcGFydG5lci1oZXJvLXNjYWxlZC5qcGVn\"\/>\n\t\t\t\t\t<\/image_lists>\n\t\t\t\t<\/sr7-module>\n\t\t\t\t<script>\n\t\t\t\t\tSR7.PMH ??={}; SR7.PMH[\"SR7_14_1\"] = {cn:100,state:false,fn: function() { if (_tpt!==undefined && _tpt.prepareModuleHeight !== undefined) {  _tpt.prepareModuleHeight({id:\"SR7_14_1\",el:[550,550,550,360,270],type:'standard',shdw:'0',gh:[550,550,550,360,270],gw:[1240,1240,1240,778,480],vpt:['-100px&#039;,&#039;-100px&#039;,&#039;-100px&#039;,&#039;-100px&#039;,&#039;-100px'],size:{fullWidth:true, fullHeight:false},mh:'0',onh:0,onw:0,bg:{color:'{\"orig\":\"transparent\",\"type\":\"solid\",\"string\":\"transparent\"}'}});   SR7.PMH[\"SR7_14_1\"].state=true;} else if(SR7.PMH[\"SR7_14_1\"].cn-->0)\tsetTimeout( SR7.PMH[\"SR7_14_1\"].fn,19);}};SR7.PMH[\"SR7_14_1\" ].fn();\n\t\t\t\t<\/script>\n\n\t\t\t\t<\/div>\n\t\t\t<\/div>Our Partners: Expertise at Eye Level The Win\u00b3 Network: Working Together for Your Sustainable Success &nbsp; Success is a team sport. For the Win\u00b3 programme, I have built a network of partners who share my vision: not merely to advise companies and individuals at a superficial level, but to [&hellip;]<\/p>\n","protected":false},"author":1,"featured_media":0,"parent":0,"menu_order":0,"comment_status":"closed","ping_status":"closed","template":"","meta":{"_acf_changed":false,"_et_pb_use_builder":"on","_et_pb_old_content":"","_et_gb_content_width":"","footnotes":""},"class_list":["post-2224","page","type-page","status-publish","hentry"],"acf":[],"_links":{"self":[{"href":"https:\/\/www.ecstaticbusiness.com\/en\/wp-json\/wp\/v2\/pages\/2224","targetHints":{"allow":["GET"]}}],"collection":[{"href":"https:\/\/www.ecstaticbusiness.com\/en\/wp-json\/wp\/v2\/pages"}],"about":[{"href":"https:\/\/www.ecstaticbusiness.com\/en\/wp-json\/wp\/v2\/types\/page"}],"author":[{"embeddable":true,"href":"https:\/\/www.ecstaticbusiness.com\/en\/wp-json\/wp\/v2\/users\/1"}],"replies":[{"embeddable":true,"href":"https:\/\/www.ecstaticbusiness.com\/en\/wp-json\/wp\/v2\/comments?post=2224"}],"version-history":[{"count":13,"href":"https:\/\/www.ecstaticbusiness.com\/en\/wp-json\/wp\/v2\/pages\/2224\/revisions"}],"predecessor-version":[{"id":2638,"href":"https:\/\/www.ecstaticbusiness.com\/en\/wp-json\/wp\/v2\/pages\/2224\/revisions\/2638"}],"wp:attachment":[{"href":"https:\/\/www.ecstaticbusiness.com\/en\/wp-json\/wp\/v2\/media?parent=2224"}],"curies":[{"name":"wp","href":"https:\/\/api.w.org\/{rel}","templated":true}]}}