{"id":2228,"date":"2026-01-28T21:48:48","date_gmt":"2026-01-28T21:48:48","guid":{"rendered":"https:\/\/www.ecstaticbusiness.com\/about-me\/"},"modified":"2026-03-23T10:22:19","modified_gmt":"2026-03-23T10:22:19","slug":"about-me","status":"publish","type":"page","link":"https:\/\/www.ecstaticbusiness.com\/en\/about-me\/","title":{"rendered":"About me"},"content":{"rendered":"<p>[et_pb_section fb_built=&#8221;1&#8243; disabled_on=&#8221;on|off|off&#8221; _builder_version=&#8221;4.27.4&#8243; _module_preset=&#8221;default&#8221; custom_margin=&#8221;0px||0px||false|false&#8221; custom_padding=&#8221;0px||0px||false|false&#8221; global_colors_info=&#8221;{}&#8221;][et_pb_row _builder_version=&#8221;4.27.4&#8243; _module_preset=&#8221;default&#8221; custom_margin=&#8221;0px||||false|false&#8221; custom_padding=&#8221;0px||||false|false&#8221; global_colors_info=&#8221;{}&#8221;][et_pb_column type=&#8221;4_4&#8243; _builder_version=&#8221;4.27.4&#8243; _module_preset=&#8221;default&#8221; global_colors_info=&#8221;{}&#8221;][revslider_divi revslider_divi=&#8221;%91rev_slider alias=%22interim-1%22 slidertitle=%22moi%22%93%91\/rev_slider%93&#8243; _builder_version=&#8221;4.27.4&#8243; _module_preset=&#8221;default&#8221; global_colors_info=&#8221;{}&#8221;][\/revslider_divi][\/et_pb_column][\/et_pb_row][\/et_pb_section][et_pb_section fb_built=&#8221;1&#8243; disabled_on=&#8221;off|on|on&#8221; _builder_version=&#8221;4.27.4&#8243; _module_preset=&#8221;default&#8221; custom_margin=&#8221;0px||0px||false|false&#8221; custom_padding=&#8221;0px||0px||false|false&#8221; global_colors_info=&#8221;{}&#8221;][et_pb_row _builder_version=&#8221;4.27.4&#8243; _module_preset=&#8221;default&#8221; global_colors_info=&#8221;{}&#8221;][et_pb_column type=&#8221;4_4&#8243; _builder_version=&#8221;4.27.4&#8243; _module_preset=&#8221;default&#8221; global_colors_info=&#8221;{}&#8221;][et_pb_text disabled_on=&#8221;off|off|off&#8221; _builder_version=&#8221;4.27.4&#8243; _module_preset=&#8221;default&#8221; global_colors_info=&#8221;{}&#8221;]Strategic Advisory &amp; Interim Management<\/p>\n<h1>\u201cHelping our clients to grow to be more successful\u201d<\/h1>\n<p>&nbsp;<\/p>\n<p><span style=\"font-size: large;\">For more than 40 years, this guiding principle has accompanied me. It forms the foundation of my work \u2013 from international management consulting to executive leadership in the premium sector.<br \/>Now I am offering this extensive experience to individuals and organisations genuinely seeking growth and personal stability.  <\/span>[\/et_pb_text][et_pb_button button_url=&#8221;\/en\/contakt&#8221; button_text=&#8221;Schedule an appointment&#8221; _builder_version=&#8221;4.27.4&#8243; _module_preset=&#8221;default&#8221; custom_button=&#8221;on&#8221; button_text_color=&#8221;#FFFFFF&#8221; button_bg_color=&#8221;#0C71C3&#8243; button_border_width=&#8221;1px&#8221; button_border_radius=&#8221;10px&#8221; global_colors_info=&#8221;{}&#8221;][\/et_pb_button][\/et_pb_column][\/et_pb_row][\/et_pb_section][et_pb_section fb_built=&#8221;1&#8243; _builder_version=&#8221;4.27.4&#8243; _module_preset=&#8221;default&#8221; custom_margin=&#8221;2em||2em||false|false&#8221; custom_padding=&#8221;0px|0px|0px|0px|false|false&#8221; global_colors_info=&#8221;{}&#8221;][et_pb_row _builder_version=&#8221;4.27.4&#8243; _module_preset=&#8221;default&#8221; custom_margin=&#8221;||2em||false|false&#8221; global_colors_info=&#8221;{}&#8221;][et_pb_column type=&#8221;4_4&#8243; _builder_version=&#8221;4.27.4&#8243; _module_preset=&#8221;default&#8221; global_colors_info=&#8221;{}&#8221;][et_pb_text _builder_version=&#8221;4.27.4&#8243; _module_preset=&#8221;default&#8221; global_colors_info=&#8221;{}&#8221;]<\/p>\n<h2 style=\"text-align: left;\"><span style=\"color: #808080; font-size: xx-large;\">My Journey<\/span><\/h2>\n<h2 style=\"text-align: left;\"><span style=\"color: #808080; font-size: xx-large;\"><\/span><span style=\"font-size: xx-large;\">40 Years of Management Expertise \u2013 At a Glance<\/span><\/h2>\n<p>[\/et_pb_text][et_pb_text _builder_version=&#8221;4.27.4&#8243; _module_preset=&#8221;default&#8221; global_colors_info=&#8221;{}&#8221;]<span style=\"font-size: x-large;\">In times of increasing complexity and skills shortages, success is no longer determined by strategy alone, but by the quality of the people who put it into practice.<\/span>[\/et_pb_text][\/et_pb_column][\/et_pb_row][et_pb_row column_structure=&#8221;1_2,1_2&#8243; _builder_version=&#8221;4.27.4&#8243; _module_preset=&#8221;default&#8221; custom_padding=&#8221;0px|0px|0px|0px|false|false&#8221; global_colors_info=&#8221;{}&#8221;][et_pb_column type=&#8221;1_2&#8243; _builder_version=&#8221;4.27.4&#8243; _module_preset=&#8221;default&#8221; background_color=&#8221;#f7f7f7&#8243; global_colors_info=&#8221;{}&#8221;][et_pb_image src=&#8221;https:\/\/www.ecstaticbusiness.com\/wp-content\/uploads\/2026\/02\/ueber-mich-mein-weg.jpg&#8221; title_text=&#8221;ueber-mich-mein-weg&#8221; _builder_version=&#8221;4.27.4&#8243; _module_preset=&#8221;default&#8221; border_radii=&#8221;on|9px|9px|9px|9px&#8221; global_colors_info=&#8221;{}&#8221;][\/et_pb_image][\/et_pb_column][et_pb_column type=&#8221;1_2&#8243; _builder_version=&#8221;4.27.4&#8243; _module_preset=&#8221;default&#8221; global_colors_info=&#8221;{}&#8221;][et_pb_text _builder_version=&#8221;4.27.4&#8243; _module_preset=&#8221;default&#8221; custom_padding=&#8221;2em|2em|2em|2em|false|false&#8221; border_radii=&#8221;on|9px|9px|9px|9px&#8221; border_width_all=&#8221;1px&#8221; border_color_all=&#8221;#c7c7c7&#8243; global_colors_info=&#8221;{}&#8221;]<\/p>\n<p><span style=\"font-size: large;\">As an Interim Manager (CFO\/COO) and former Managing Director, I understand the challenges faced by complex organisations in Austria and on the international stage:<\/span><\/p>\n<p><span style=\"font-size: large;\"><\/span><\/p>\n<p><span style=\"font-size: large;\"><\/span><\/p>\n<p><span style=\"font-size: large;\"><strong>International Consulting<\/strong><br \/>7 years of strategic consulting for clients in Germany, England, France, Austria, Hungary and the Czech Republic.<\/span><\/p>\n<p><span style=\"font-size: large;\"><\/span><\/p>\n<p><span style=\"font-size: large;\"><strong>Industrial Leadership<\/strong><br \/>20 years of leadership experience in global industrial companies (approx. 8,000 employees), with a focus on production, controlling and finance (including locations in China, India, the USA and Brazil).<\/span><\/p>\n<p><span style=\"font-size: large;\"><\/span><\/p>\n<p><span style=\"font-size: large;\"><strong><strong>C-Level Management<\/strong><\/strong><br \/>3 years as Managing Director of a premium automotive dealership in Austria and Slovakia (responsible for up to 700 employees).<\/span><\/p>\n<p><span style=\"font-size: large;\"><\/span><\/p>\n<p><span style=\"font-size: large;\"><strong>Interim Management<\/strong><br \/>5 years of operational excellence as Interim CFO and COO for medium-sized enterprises and corporate organisations.<\/span><\/p>\n<p>[\/et_pb_text][\/et_pb_column][\/et_pb_row][\/et_pb_section][et_pb_section fb_built=&#8221;1&#8243; disabled_on=&#8221;on|off|off&#8221; _builder_version=&#8221;4.27.4&#8243; _module_preset=&#8221;default&#8221; global_colors_info=&#8221;{}&#8221;][et_pb_row _builder_version=&#8221;4.27.4&#8243; _module_preset=&#8221;default&#8221; global_colors_info=&#8221;{}&#8221;][et_pb_column type=&#8221;4_4&#8243; _builder_version=&#8221;4.27.4&#8243; _module_preset=&#8221;default&#8221; global_colors_info=&#8221;{}&#8221;][revslider_divi revslider_divi=&#8221;%91rev_slider alias=%22moi-1%22 slidertitle=%22moi 1%22%93%91\/rev_slider%93&#8243; _builder_version=&#8221;4.27.4&#8243; _module_preset=&#8221;default&#8221; global_colors_info=&#8221;{}&#8221;][\/revslider_divi][\/et_pb_column][\/et_pb_row][\/et_pb_section][et_pb_section fb_built=&#8221;1&#8243; disabled_on=&#8221;off|on|on&#8221; _builder_version=&#8221;4.27.4&#8243; _module_preset=&#8221;default&#8221; custom_margin=&#8221;0px||0px||false|false&#8221; custom_padding=&#8221;0px||0px||false|false&#8221; global_colors_info=&#8221;{}&#8221;][et_pb_row _builder_version=&#8221;4.27.4&#8243; _module_preset=&#8221;default&#8221; global_colors_info=&#8221;{}&#8221;][et_pb_column type=&#8221;4_4&#8243; _builder_version=&#8221;4.27.4&#8243; _module_preset=&#8221;default&#8221; global_colors_info=&#8221;{}&#8221;][et_pb_text disabled_on=&#8221;off|off|off&#8221; _builder_version=&#8221;4.27.4&#8243; _module_preset=&#8221;default&#8221; global_colors_info=&#8221;{}&#8221;]Success Is Not the Result of Technical Processes Alone<\/p>\n<h2>The Connection Between Business &amp; Psychology<\/h2>\n<p>&nbsp;<\/p>\n<p><span style=\"font-size: large;\">From an early stage, I have been fascinated by what drives people to grow beyond themselves. My practical experience is complemented by a solid academic and psychological background. <\/span>[\/et_pb_text][\/et_pb_column][\/et_pb_row][\/et_pb_section][et_pb_section fb_built=&#8221;1&#8243; _builder_version=&#8221;4.27.4&#8243; _module_preset=&#8221;default&#8221; global_colors_info=&#8221;{}&#8221;][et_pb_row _builder_version=&#8221;4.27.4&#8243; _module_preset=&#8221;default&#8221; custom_margin=&#8221;0px||0px||false|false&#8221; custom_padding=&#8221;0px||0px||false|false&#8221; global_colors_info=&#8221;{}&#8221;][et_pb_column type=&#8221;4_4&#8243; _builder_version=&#8221;4.27.4&#8243; _module_preset=&#8221;default&#8221; global_colors_info=&#8221;{}&#8221;][et_pb_text _builder_version=&#8221;4.27.4&#8243; _module_preset=&#8221;default&#8221; custom_margin=&#8221;||0px||false|false&#8221; global_colors_info=&#8221;{}&#8221;]<\/p>\n<h2>Well-founded expertise for your transformation<\/h2>\n<p>[\/et_pb_text][et_pb_text _builder_version=&#8221;4.27.4&#8243; _module_preset=&#8221;default&#8221; global_colors_info=&#8221;{}&#8221;]<span style=\"font-size: large;\">Trust is the foundation of every collaboration\u2014especially when it comes to developing your key personnel. My work is based not only on decades of management experience, but also on state-certified qualifications that guarantee the highest standards in consulting and coaching. <\/span>[\/et_pb_text][\/et_pb_column][\/et_pb_row][et_pb_row column_structure=&#8221;1_2,1_2&#8243; _builder_version=&#8221;4.27.4&#8243; _module_preset=&#8221;default&#8221; hover_enabled=&#8221;0&#8243; global_colors_info=&#8221;{}&#8221; custom_margin=&#8221;||0px||false|false&#8221; custom_padding=&#8221;||0px||false|false&#8221; sticky_enabled=&#8221;0&#8243;][et_pb_column type=&#8221;1_2&#8243; _builder_version=&#8221;4.27.4&#8243; _module_preset=&#8221;default&#8221; global_colors_info=&#8221;{}&#8221;][et_pb_image src=&#8221;https:\/\/www.ecstaticbusiness.com\/wp-content\/uploads\/2026\/03\/diplom-lebens-und-sozialberatung-martin-bartmann.jpg&#8221; alt=&#8221;Diploma awarded to Martin J. Bartmann for completing the diploma program in life and social counseling in Vienna on July 20, 2025.&#8221; title_text=&#8221;Diploma in Life and Social Counseling \u2013 Martin Bartmann&#8221; show_in_lightbox=&#8221;on&#8221; align=&#8221;center&#8221; _builder_version=&#8221;4.27.4&#8243; _module_preset=&#8221;default&#8221; width=&#8221;50%&#8221; hover_enabled=&#8221;0&#8243; global_colors_info=&#8221;{}&#8221; border_width_all=&#8221;1px&#8221; border_color_all=&#8221;#dddddd&#8221; sticky_enabled=&#8221;0&#8243;][\/et_pb_image][et_pb_text _builder_version=&#8221;4.27.4&#8243; _module_preset=&#8221;default&#8221; hover_enabled=&#8221;0&#8243; sticky_enabled=&#8221;0&#8243; custom_margin=&#8221;0px|0px|0px|0px|false|false&#8221; custom_padding=&#8221;0px|0px|0px|0px|false|false&#8221; text_orientation=&#8221;center&#8221;]<\/p>\n<p>Management Consulting<\/p>\n<p>[\/et_pb_text][et_pb_text _builder_version=&#8221;4.27.4&#8243; _module_preset=&#8221;default&#8221; hover_enabled=&#8221;0&#8243; sticky_enabled=&#8221;0&#8243; text_orientation=&#8221;center&#8221;]<\/p>\n<p><a href=\"\/wp-content\/uploads\/2026\/03\/Diplom-LSB-2025.pdf\">Open certificate as PDF<\/a><\/p>\n<p>[\/et_pb_text][\/et_pb_column][et_pb_column type=&#8221;1_2&#8243; _builder_version=&#8221;4.27.4&#8243; _module_preset=&#8221;default&#8221; global_colors_info=&#8221;{}&#8221;][et_pb_image src=&#8221;https:\/\/www.ecstaticbusiness.com\/wp-content\/uploads\/2026\/03\/befaehigungsnachweis-unternehmensberatung-martin-bartmann.jpg&#8221; alt=&#8221;Examination certificate from the Vienna Chamber of Commerce for Mag. Martin Bartmann confirming successful completion of the qualification exam in Vienna.&#8221; title_text=&#8221;Certificate of Qualification in Management Consulting \u2013 Martin Bartmann&#8221; show_in_lightbox=&#8221;on&#8221; align=&#8221;center&#8221; _builder_version=&#8221;4.27.4&#8243; _module_preset=&#8221;default&#8221; width=&#8221;50%&#8221; hover_enabled=&#8221;0&#8243; global_colors_info=&#8221;{}&#8221; border_color_all=&#8221;#dddddd&#8221; border_width_all=&#8221;1px&#8221; sticky_enabled=&#8221;0&#8243;][\/et_pb_image][et_pb_text _builder_version=&#8221;4.27.4&#8243; _module_preset=&#8221;default&#8221; hover_enabled=&#8221;0&#8243; sticky_enabled=&#8221;0&#8243; custom_margin=&#8221;0px|0px|0px|0px|false|false&#8221; custom_padding=&#8221;0px|0px|0px|0px|false|false&#8221; text_orientation=&#8221;center&#8221;]<\/p>\n<p>Life and Social Counseling<\/p>\n<p>[\/et_pb_text][et_pb_text _builder_version=&#8221;4.27.4&#8243; _module_preset=&#8221;default&#8221; hover_enabled=&#8221;0&#8243; sticky_enabled=&#8221;0&#8243; text_orientation=&#8221;center&#8221;]<\/p>\n<p><a href=\"\/wp-content\/uploads\/2026\/03\/Befaehigungsnachweis_Unternehmensberatung.pdf\">Open certificate as PDF<\/a><\/p>\n<p>[\/et_pb_text][\/et_pb_column][\/et_pb_row][\/et_pb_section][et_pb_section fb_built=&#8221;1&#8243; _builder_version=&#8221;4.27.4&#8243; _module_preset=&#8221;default&#8221; use_background_color_gradient=&#8221;on&#8221; background_color_gradient_stops=&#8221;#f7f7f7 0%|rgba(255,255,255,0) 99%&#8221; custom_margin=&#8221;2em||2em||false|false&#8221; custom_padding=&#8221;0px|0px|0px|0px|false|false&#8221; global_colors_info=&#8221;{}&#8221;][et_pb_row _builder_version=&#8221;4.27.4&#8243; _module_preset=&#8221;default&#8221; custom_margin=&#8221;||2em||false|false&#8221; global_colors_info=&#8221;{}&#8221;][et_pb_column type=&#8221;4_4&#8243; _builder_version=&#8221;4.27.4&#8243; _module_preset=&#8221;default&#8221; global_colors_info=&#8221;{}&#8221;][et_pb_text _builder_version=&#8221;4.27.4&#8243; _module_preset=&#8221;default&#8221; global_colors_info=&#8221;{}&#8221;]<\/p>\n<h2 style=\"text-align: left;\"><span style=\"color: #808080; font-size: xx-large;\">Profound Expertise<\/span><\/h2>\n<h2 style=\"text-align: left;\"><span style=\"color: #808080; font-size: xx-large;\"><\/span><span style=\"font-size: x-large;\">Across almost all business processes in manufacturing and trading companies.<\/span><\/h2>\n<p>[\/et_pb_text][\/et_pb_column][\/et_pb_row][et_pb_row column_structure=&#8221;1_2,1_2&#8243; _builder_version=&#8221;4.27.4&#8243; _module_preset=&#8221;default&#8221; custom_padding=&#8221;0px|0px|0px|0px|false|false&#8221; global_colors_info=&#8221;{}&#8221;][et_pb_column type=&#8221;1_2&#8243; _builder_version=&#8221;4.27.4&#8243; _module_preset=&#8221;default&#8221; background_color=&#8221;#f7f7f7&#8243; global_colors_info=&#8221;{}&#8221;][et_pb_text _builder_version=&#8221;4.27.4&#8243; _module_preset=&#8221;default&#8221; custom_padding=&#8221;2em|2em|2em|2em|false|false&#8221; border_radii=&#8221;on|9px|9px|9px|9px&#8221; border_width_all=&#8221;1px&#8221; border_color_all=&#8221;#c7c7c7&#8243; global_colors_info=&#8221;{}&#8221;]<\/p>\n<p><span style=\"font-size: large;\"><strong><span style=\"font-size: large;\">Financial Expertise<\/span><\/strong><\/span><br \/>Particularly in measures relating to working capital management (while maintaining service levels).<\/p>\n<p><span style=\"font-size: large;\"><strong>Leadership Experience<\/strong><\/span><br \/>In line management, as sole managing director, as project manager and in corporate functions.<\/p>\n<p><span style=\"font-size: large;\"><strong><span style=\"font-size: large;\">Positive Psychology<\/span><\/strong><\/span><br \/>A strong theoretical foundation combined with many years of practical application in leadership situations.<\/p>\n<p><span style=\"font-size: large;\"><strong>Intercultural \u2013 Interdisciplinary<\/strong><br \/>Professional experience in Germany, the UK, Austria, Brazil, China, India, the USA and France.<\/span><\/p>\n<p><span style=\"font-size: large;\"><span style=\"font-size: large;\"><span style=\"font-size: large;\">\u201cTranslator\u201d<\/span><\/span><\/span><br \/>Between finance and operations<br \/>Between business administration and engineering, including technical terminology.<\/p>\n<p><span style=\"font-size: large;\"><strong>Experience and numerous training programmes in \u201cKnow Thyself\u201d. <\/strong><\/span><\/p>\n<p>[\/et_pb_text][\/et_pb_column][et_pb_column type=&#8221;1_2&#8243; _builder_version=&#8221;4.27.4&#8243; _module_preset=&#8221;default&#8221; global_colors_info=&#8221;{}&#8221;][et_pb_image src=&#8221;https:\/\/www.ecstaticbusiness.com\/wp-content\/uploads\/2026\/01\/Martin_FINAL_300PPI-WorkKopie-scaled.jpg&#8221; title_text=&#8221;Martin_FINAL_300PPI &#8211; WorkKopie&#8221; _builder_version=&#8221;4.27.4&#8243; _module_preset=&#8221;default&#8221; border_radii=&#8221;on|9px|9px|9px|9px&#8221; global_colors_info=&#8221;{}&#8221;][\/et_pb_image][\/et_pb_column][\/et_pb_row][\/et_pb_section]<\/p>\n","protected":false},"excerpt":{"rendered":"<p><div class=\"et_pb_module revslider_divi revslider_divi_0\">\n\t\t\t\t\n\t\t\t\t\n\t\t\t\t\n\t\t\t\t\n\t\t\t\t\n\t\t\t\t\n\t\t\t\t<div class=\"et_pb_module_inner\">\n\t\t\t\t\t\n\t\t\t\t<p class=\"rs-p-wp-fix\"><\/p>\n\t\t\t\t<sr7-module data-alias=\"interim-1\" data-id=\"12\" id=\"SR7_12_1\" class=\"rs-ov-hidden\" data-version=\"6.7.40\">\n\t\t\t\t\t<sr7-adjuster><\/sr7-adjuster>\n\t\t\t\t\t<sr7-content>\n\t\t\t\t\t\t<sr7-slide id=\"SR7_12_1-45\" data-key=\"45\">\n\t\t\t\t\t\t\t<sr7-bg id=\"SR7_12_1-45-8\" class=\"sr7-layer\"><noscript><img decoding=\"async\" src=\"https:\/\/www.ecstaticbusiness.com\/wp-content\/uploads\/2026\/02\/ueber-mich-hero-section.jpg\" alt=\"H\u00e4ndedruck zwischen zwei Gesch\u00e4ftspartnern als Symbol f\u00fcr Vertrauen, Zusammenarbeit und Partnerschaft auf Augenh\u00f6he.\" title=\"Ecstatic Business &#8211; \u00dcber Mich\"><\/noscript><\/sr7-bg>\n\t\t\t\t\t\t\t<sr7-txt id=\"SR7_12_1-45-0\" class=\"sr7-layer\">For more than 40 years, this guiding principle has accompanied me. It forms the foundation of my work \u2013 from international management consulting to executive leadership in the premium sector.<br \/>\nNow I am offering this extensive experience to individuals and organisations genuinely seeking growth and personal stability.<br \/>\n<br \/>\nYours, Martin Bartmann<br \/>\n<\/sr7-txt>\n\t\t\t\t\t\t\t<h1 id=\"SR7_12_1-45-2\" class=\"sr7-layer\">\"Helping our clients succeed\"<\/h1>\n\t\t\t\t\t\t\t<sr7-txt id=\"SR7_12_1-45-3\" class=\"sr7-layer\">Strategic Advisory & Interim Management<\/sr7-txt>\n\t\t\t\t\t\t\t<a id=\"SR7_12_1-45-6\" class=\"sr7-layer\" href=\"\/en\/contact\/\" target=\"_self\">Schedule an appointment<\/a>\n\t\t\t\t\t\t<\/sr7-slide>\n\t\t\t\t\t\t<sr7-slide id=\"SR7_12_1-25\" data-key=\"25\">\n\t\t\t\t\t\t<\/sr7-slide>\n\t\t\t\t\t<\/sr7-content>\n\t\t\t\t\t<image_lists style=\"display:none\">\n\t\t\t\t\t\t<img data-src=\"\/\/www.ecstaticbusiness.com\/wp-content\/uploads\/2026\/02\/ueber-mich-hero-section.jpg\" data-libid=\"1937\" data-lib=\"medialibrary\" alt=\"H\u00e4ndedruck zwischen zwei Gesch\u00e4ftspartnern als Symbol f\u00fcr Vertrauen, Zusammenarbeit und Partnerschaft auf Augenh\u00f6he.\" title=\"Ecstatic Business &#8211; \u00dcber Mich\" width=\"0\" height=\"0\" data-dbsrc=\"Ly93d3cuZWNzdGF0aWNidXNpbmVzcy5jb20vd3AtY29udGVudC91cGxvYWRzLzIwMjYvMDIvdWViZXItbWljaC1oZXJvLXNlY3Rpb24uanBn\"\/>\n\t\t\t\t\t<\/image_lists>\n\t\t\t\t<\/sr7-module>\n\t\t\t\t<script>\n\t\t\t\t\tSR7.PMH ??={}; SR7.PMH[\"SR7_12_1\"] = {cn:100,state:false,fn: function() { if (_tpt!==undefined && _tpt.prepareModuleHeight !== undefined) {  _tpt.prepareModuleHeight({id:\"SR7_12_1\",el:[550,550,550,360,270],type:'standard',shdw:'0',gh:[550,550,550,360,270],gw:[1240,1240,1240,778,480],vpt:['-100px&#039;,&#039;-100px&#039;,&#039;-100px&#039;,&#039;-100px&#039;,&#039;-100px'],size:{fullWidth:true, fullHeight:false},mh:'0',onh:0,onw:0,bg:{color:'{\"orig\":\"transparent\",\"type\":\"solid\",\"string\":\"transparent\"}'}});   SR7.PMH[\"SR7_12_1\"].state=true;} else if(SR7.PMH[\"SR7_12_1\"].cn-->0)\tsetTimeout( SR7.PMH[\"SR7_12_1\"].fn,19);}};SR7.PMH[\"SR7_12_1\" ].fn();\n\t\t\t\t<\/script>\n\n\t\t\t\t<\/div>\n\t\t\t<\/div>Strategic Advisory &amp; Interim Management \u201cHelping our clients to grow to be more successful\u201d &nbsp; For more than 40 years, this guiding principle has accompanied me. It forms the foundation of my work \u2013 from international management consulting to executive leadership in the premium sector.Now I am offering this [&hellip;]<\/p>\n","protected":false},"author":1,"featured_media":0,"parent":0,"menu_order":0,"comment_status":"closed","ping_status":"closed","template":"","meta":{"_acf_changed":false,"_et_pb_use_builder":"on","_et_pb_old_content":"","_et_gb_content_width":"","footnotes":""},"class_list":["post-2228","page","type-page","status-publish","hentry"],"acf":[],"_links":{"self":[{"href":"https:\/\/www.ecstaticbusiness.com\/en\/wp-json\/wp\/v2\/pages\/2228","targetHints":{"allow":["GET"]}}],"collection":[{"href":"https:\/\/www.ecstaticbusiness.com\/en\/wp-json\/wp\/v2\/pages"}],"about":[{"href":"https:\/\/www.ecstaticbusiness.com\/en\/wp-json\/wp\/v2\/types\/page"}],"author":[{"embeddable":true,"href":"https:\/\/www.ecstaticbusiness.com\/en\/wp-json\/wp\/v2\/users\/1"}],"replies":[{"embeddable":true,"href":"https:\/\/www.ecstaticbusiness.com\/en\/wp-json\/wp\/v2\/comments?post=2228"}],"version-history":[{"count":10,"href":"https:\/\/www.ecstaticbusiness.com\/en\/wp-json\/wp\/v2\/pages\/2228\/revisions"}],"predecessor-version":[{"id":2547,"href":"https:\/\/www.ecstaticbusiness.com\/en\/wp-json\/wp\/v2\/pages\/2228\/revisions\/2547"}],"wp:attachment":[{"href":"https:\/\/www.ecstaticbusiness.com\/en\/wp-json\/wp\/v2\/media?parent=2228"}],"curies":[{"name":"wp","href":"https:\/\/api.w.org\/{rel}","templated":true}]}}